{"id":9,"date":"2012-02-12T09:50:31","date_gmt":"2012-02-12T09:50:31","guid":{"rendered":"http:\/\/www.media84.be\/site\/caloritec_2012\/?page_id=9"},"modified":"2022-07-14T15:02:06","modified_gmt":"2022-07-14T15:02:06","slug":"services","status":"publish","type":"page","link":"https:\/\/www.caloritec.be\/?page_id=9","title":{"rendered":"Services"},"content":{"rendered":"<p>Confier l\u2019entretien de vos installations \u00e0 CALORITEC<br \/>\nNos techniciens sont agr\u00e9e par le minist\u00e8re de la sant\u00e9 publique. Nos techniciens sont en formation continue \u00e0 la pointe du progr\u00e8s. Leurs v\u00e9hicules individuels parfaitement \u00e9quip\u00e9s leur permettent de r\u00e9soudre tous vos probl\u00e8mes avec soin.<\/p>\n<p>&nbsp;<\/p>\n<p>&#8211; Conseils en \u00e9conomie d\u2019\u00e9nergie.<br \/>\n&#8211; Optimisation des rendements.<br \/>\n&#8211; Garantie des conditions de confort et de fonctionnement.<br \/>\n&#8211; Prolongation de la dur\u00e9e de vie des installations dynamiques.<br \/>\n&#8211; Distribution de gaz<br \/>\n&#8211; Chaufferies (mazout et gaz) avec chaudi\u00e8res \u00e0 haut rendement et \u00e0 condensation .<br \/>\n&#8211; Installations \u00e0 panneaux solaires<br \/>\n&#8211; Production et distribution d&rsquo;eau chaude<br \/>\n&#8211; Pompes \u00e0 chaleur<br \/>\n&#8211; Diverses unit\u00e9s finales telles que radiateurs, convecteurs, ventilo-convecteurs, a\u00e9rothermes, chauffage par lesol, panneaux de radiation, etc.<br \/>\n&#8211; Gestion chaufferie collective<br \/>\n&#8211; Installation de tuyauteries conforme aux exigence IBGE.ARGB<\/p>\n<p>&nbsp;<\/p>\n<p><img loading=\"lazy\" src=\"wp-content\/themes\/caloritec\/images\/img_chaudiere.jpg\" alt=\"\" width=\"514\" height=\"175\"><\/p>\n","protected":false},"excerpt":{"rendered":"<p>Confier l\u2019entretien de vos installations \u00e0 CALORITEC Nos techniciens sont agr\u00e9e par le minist\u00e8re de la sant\u00e9 publique. Nos techniciens sont en formation continue \u00e0 la pointe du progr\u00e8s. Leurs v\u00e9hicules individuels parfaitement \u00e9quip\u00e9s leur permettent de r\u00e9soudre tous vos probl\u00e8mes avec soin. &nbsp; &#8211; Conseils en \u00e9conomie d\u2019\u00e9nergie. &#8211; Optimisation des rendements. &#8211; Garantie [&#8230;] &rarr; Continue Reading <a href=\"https:\/\/www.caloritec.be\/?page_id=9\">Services<\/a><\/p>\n","protected":false},"author":1,"featured_media":0,"parent":0,"menu_order":0,"comment_status":"closed","ping_status":"closed","template":"","meta":{"ngg_post_thumbnail":0},"_links":{"self":[{"href":"https:\/\/www.caloritec.be\/index.php?rest_route=\/wp\/v2\/pages\/9"}],"collection":[{"href":"https:\/\/www.caloritec.be\/index.php?rest_route=\/wp\/v2\/pages"}],"about":[{"href":"https:\/\/www.caloritec.be\/index.php?rest_route=\/wp\/v2\/types\/page"}],"author":[{"embeddable":true,"href":"https:\/\/www.caloritec.be\/index.php?rest_route=\/wp\/v2\/users\/1"}],"replies":[{"embeddable":true,"href":"https:\/\/www.caloritec.be\/index.php?rest_route=%2Fwp%2Fv2%2Fcomments&post=9"}],"version-history":[{"count":8,"href":"https:\/\/www.caloritec.be\/index.php?rest_route=\/wp\/v2\/pages\/9\/revisions"}],"predecessor-version":[{"id":169,"href":"https:\/\/www.caloritec.be\/index.php?rest_route=\/wp\/v2\/pages\/9\/revisions\/169"}],"wp:attachment":[{"href":"https:\/\/www.caloritec.be\/index.php?rest_route=%2Fwp%2Fv2%2Fmedia&parent=9"}],"curies":[{"name":"wp","href":"https:\/\/api.w.org\/{rel}","templated":true}]}}