{"id":7,"date":"2012-02-12T09:49:20","date_gmt":"2012-02-12T09:49:20","guid":{"rendered":"http:\/\/www.media84.be\/site\/caloritec_2012\/?page_id=7"},"modified":"2022-07-14T15:02:01","modified_gmt":"2022-07-14T15:02:01","slug":"presentation","status":"publish","type":"page","link":"https:\/\/www.caloritec.be\/?page_id=7","title":{"rendered":"Pr\u00e9sentation"},"content":{"rendered":"<p>Bienvenue chez CALORITEC sprl. sp\u00e9cialis\u00e9e dans l\u2019installation, le d\u00e9pannage et l\u2019entretien de chauffage. Active dans tout ce qui touche \u00e0 vos besoins en termes de chauffage et de production d\u2019eau chaude, CALORITEC s\u2019adresse aussi bien aux particuliers qu\u2019aux P.M.E. et aux soci\u00e9t\u00e9s de logement,et instalation industriel.<\/p>\n<p>&nbsp;<\/p>\n<p><strong>Nos atouts:<\/strong> une exp\u00e9rience de 24 ans installateur CERGA agr\u00e9\u00e9 pour les installations au gaz naturel conseils personnalis\u00e9s en fonction de vos besoins r\u00e9els et de votre budget, notamment dans le choix des marques et du type d\u2019installation travaux soign\u00e9s et r\u00e9alis\u00e9s dans les normes de s\u00e9curit\u00e9 les plus strictes contrat d\u2019entretien service apr\u00e8s-vente garanti devis gratuit (<strong>*<\/strong>) \u00e9tabli chez vous le jour-m\u00eame<\/p>\n<p>&nbsp;<\/p>\n<p><em><strong>(*) except\u00e9 lors de d\u00e9g\u00e2ts couverts par une assurance.<\/strong><\/em><\/p>\n<p>&nbsp;<\/p>\n<p><strong>NOUS SOMMES AGREE .I.B.G.E ET A.R.G.B<\/strong><\/p>\n<p>&nbsp;<\/p>\n<p><a href=\"http:\/\/www.ibgebim.be\/index.htm\"><img loading=\"lazy\" class=\"aligncenter\" src=\"wp-content\/themes\/caloritec\/images\/ibge.jpg\" alt=\"\" width=\"454\" height=\"132\" border=\"0\"><\/a><\/p>\n","protected":false},"excerpt":{"rendered":"<p>Bienvenue chez CALORITEC sprl. sp\u00e9cialis\u00e9e dans l\u2019installation, le d\u00e9pannage et l\u2019entretien de chauffage. Active dans tout ce qui touche \u00e0 vos besoins en termes de chauffage et de production d\u2019eau chaude, CALORITEC s\u2019adresse aussi bien aux particuliers qu\u2019aux P.M.E. et aux soci\u00e9t\u00e9s de logement,et instalation industriel. &nbsp; Nos atouts: une exp\u00e9rience de 24 ans installateur [&#8230;] &rarr; Continue Reading <a href=\"https:\/\/www.caloritec.be\/?page_id=7\">Pr\u00e9sentation<\/a><\/p>\n","protected":false},"author":1,"featured_media":0,"parent":0,"menu_order":0,"comment_status":"closed","ping_status":"closed","template":"","meta":{"ngg_post_thumbnail":0},"_links":{"self":[{"href":"https:\/\/www.caloritec.be\/index.php?rest_route=\/wp\/v2\/pages\/7"}],"collection":[{"href":"https:\/\/www.caloritec.be\/index.php?rest_route=\/wp\/v2\/pages"}],"about":[{"href":"https:\/\/www.caloritec.be\/index.php?rest_route=\/wp\/v2\/types\/page"}],"author":[{"embeddable":true,"href":"https:\/\/www.caloritec.be\/index.php?rest_route=\/wp\/v2\/users\/1"}],"replies":[{"embeddable":true,"href":"https:\/\/www.caloritec.be\/index.php?rest_route=%2Fwp%2Fv2%2Fcomments&post=7"}],"version-history":[{"count":23,"href":"https:\/\/www.caloritec.be\/index.php?rest_route=\/wp\/v2\/pages\/7\/revisions"}],"predecessor-version":[{"id":168,"href":"https:\/\/www.caloritec.be\/index.php?rest_route=\/wp\/v2\/pages\/7\/revisions\/168"}],"wp:attachment":[{"href":"https:\/\/www.caloritec.be\/index.php?rest_route=%2Fwp%2Fv2%2Fmedia&parent=7"}],"curies":[{"name":"wp","href":"https:\/\/api.w.org\/{rel}","templated":true}]}}