{"id":65,"date":"2012-02-28T21:25:10","date_gmt":"2012-02-28T21:25:10","guid":{"rendered":"http:\/\/www.media84.be\/site\/caloritec_2012\/?page_id=65"},"modified":"2022-07-14T15:01:31","modified_gmt":"2022-07-14T15:01:31","slug":"fernox","status":"publish","type":"page","link":"https:\/\/www.caloritec.be\/?page_id=65","title":{"rendered":"FERNOX"},"content":{"rendered":"<p><strong><\/strong>Rin\u00e7age en 1 seul passage. nous sommes sp\u00e9cialiste dans le nettoyage des circuit de chauffage, radiateur, chauffage sol,&#8230;<strong>\u00a0Caloritec\u00a0<\/strong>utilise\u00a0la pompe Fernox de derni\u00e8re g\u00e9n\u00e9rations,garantie et recommander par les\u00a0plus grande\u00a0marque. Devis gratuit et travail garanti. Permet la long\u00e9vit\u00e9 de votre syst\u00e8me et 10% d&rsquo; \u00e9conomie d \u00e9nergie par an.<\/p>\n","protected":false},"excerpt":{"rendered":"<p>Rin\u00e7age en 1 seul passage. nous sommes sp\u00e9cialiste dans le nettoyage des circuit de chauffage, radiateur, chauffage sol,&#8230;\u00a0Caloritec\u00a0utilise\u00a0la pompe Fernox de derni\u00e8re g\u00e9n\u00e9rations,garantie et recommander par les\u00a0plus grande\u00a0marque. Devis gratuit et travail garanti. Permet la long\u00e9vit\u00e9 de votre syst\u00e8me et 10% d&rsquo; \u00e9conomie d \u00e9nergie par an.<\/p>\n","protected":false},"author":1,"featured_media":0,"parent":0,"menu_order":0,"comment_status":"closed","ping_status":"closed","template":"","meta":{"ngg_post_thumbnail":0},"_links":{"self":[{"href":"https:\/\/www.caloritec.be\/index.php?rest_route=\/wp\/v2\/pages\/65"}],"collection":[{"href":"https:\/\/www.caloritec.be\/index.php?rest_route=\/wp\/v2\/pages"}],"about":[{"href":"https:\/\/www.caloritec.be\/index.php?rest_route=\/wp\/v2\/types\/page"}],"author":[{"embeddable":true,"href":"https:\/\/www.caloritec.be\/index.php?rest_route=\/wp\/v2\/users\/1"}],"replies":[{"embeddable":true,"href":"https:\/\/www.caloritec.be\/index.php?rest_route=%2Fwp%2Fv2%2Fcomments&post=65"}],"version-history":[{"count":3,"href":"https:\/\/www.caloritec.be\/index.php?rest_route=\/wp\/v2\/pages\/65\/revisions"}],"predecessor-version":[{"id":172,"href":"https:\/\/www.caloritec.be\/index.php?rest_route=\/wp\/v2\/pages\/65\/revisions\/172"}],"wp:attachment":[{"href":"https:\/\/www.caloritec.be\/index.php?rest_route=%2Fwp%2Fv2%2Fmedia&parent=65"}],"curies":[{"name":"wp","href":"https:\/\/api.w.org\/{rel}","templated":true}]}}